{"id":2504,"date":"2018-09-24T14:31:34","date_gmt":"2018-09-24T12:31:34","guid":{"rendered":"https:\/\/security.sauer.ninja\/?page_id=2504"},"modified":"2018-09-26T10:15:15","modified_gmt":"2018-09-26T08:15:15","slug":"security-of-web-applications","status":"publish","type":"page","link":"https:\/\/security.sauer.ninja\/de\/lehrveranstaltungen\/hochschule-darmstadt-hda\/security-of-web-applications\/","title":{"rendered":"Security of Web Applications"},"content":{"rendered":"<h2>Lehrinhalt<\/h2>\n<p>Die Studierenden erhalten in einer virtuellen Laborumgebung Zugang zu einer unsicheren REST-API und einem dazugeh\u00f6rigen Frontend. In ihrer Rolle als Leiter der Softwareentwicklung m\u00fcssen sie ein Review der Webapplikationen durchf\u00fchren und werden hierbei h\u00e4ufig auftretende Sicherheitsl\u00fccken in Webanwendungen identifizieren und beheben m\u00fcssen. Der Clou dabei ist: Die Studierenden k\u00f6nnen als Programmiersprache PHP, Java, Python, Perl, Go, Ruby oder Node.js w\u00e4hlen.<\/p>\n<p>N\u00e4here Informationen zur Lehrveranstaltung k\u00f6nnen Sie aus der <a href=\"https:\/\/obs.fbi.h-da.de\/mhb\/modul.php?nr=41.5040&amp;sem=20182\">Modulbeschreibung<\/a> entnehmen.<\/p>\n","protected":false},"excerpt":{"rendered":"<p>Lehrinhalt Die Studierenden erhalten in einer virtuellen Laborumgebung Zugang zu einer unsicheren REST-API und einem dazugeh\u00f6rigen Frontend. In ihrer Rolle als Leiter der Softwareentwicklung m\u00fcssen sie ein Review der Webapplikationen durchf\u00fchren und werden hierbei h\u00e4ufig auftretende Sicherheitsl\u00fccken in Webanwendungen identifizieren und beheben m\u00fcssen. Der Clou dabei ist: Die Studierenden k\u00f6nnen als Programmiersprache PHP, Java, Python, &#8230; <span class=\"more\"><a class=\"more-link\" href=\"https:\/\/security.sauer.ninja\/de\/lehrveranstaltungen\/hochschule-darmstadt-hda\/security-of-web-applications\/\">[Read more&#8230;]<\/a><\/span><\/p>\n","protected":false},"author":1,"featured_media":0,"parent":2514,"menu_order":0,"comment_status":"closed","ping_status":"closed","template":"","meta":{"footnotes":""},"class_list":["entry","page","publish","author-psauer","post-2504"],"_links":{"self":[{"href":"https:\/\/security.sauer.ninja\/de\/wp-json\/wp\/v2\/pages\/2504","targetHints":{"allow":["GET"]}}],"collection":[{"href":"https:\/\/security.sauer.ninja\/de\/wp-json\/wp\/v2\/pages"}],"about":[{"href":"https:\/\/security.sauer.ninja\/de\/wp-json\/wp\/v2\/types\/page"}],"author":[{"embeddable":true,"href":"https:\/\/security.sauer.ninja\/de\/wp-json\/wp\/v2\/users\/1"}],"replies":[{"embeddable":true,"href":"https:\/\/security.sauer.ninja\/de\/wp-json\/wp\/v2\/comments?post=2504"}],"version-history":[{"count":12,"href":"https:\/\/security.sauer.ninja\/de\/wp-json\/wp\/v2\/pages\/2504\/revisions"}],"predecessor-version":[{"id":2615,"href":"https:\/\/security.sauer.ninja\/de\/wp-json\/wp\/v2\/pages\/2504\/revisions\/2615"}],"up":[{"embeddable":true,"href":"https:\/\/security.sauer.ninja\/de\/wp-json\/wp\/v2\/pages\/2514"}],"wp:attachment":[{"href":"https:\/\/security.sauer.ninja\/de\/wp-json\/wp\/v2\/media?parent=2504"}],"curies":[{"name":"wp","href":"https:\/\/api.w.org\/{rel}","templated":true}]}}