{"id":2506,"date":"2018-09-24T14:31:46","date_gmt":"2018-09-24T12:31:46","guid":{"rendered":"https:\/\/security.sauer.ninja\/?page_id=2506"},"modified":"2018-09-26T10:14:46","modified_gmt":"2018-09-26T08:14:46","slug":"it-sicherheitsmanagement-compliance","status":"publish","type":"page","link":"https:\/\/security.sauer.ninja\/de\/lehrveranstaltungen\/hochschule-darmstadt-hda\/it-sicherheitsmanagement-compliance\/","title":{"rendered":"IT-Sicherheitsmanagement &#038; Compliance"},"content":{"rendered":"<h2>Lehrinhalt<\/h2>\n<p>Auch wenn es der Titel dieser Lehrveranstaltung nicht vermuten l\u00e4sst, dreht sich hier alles um die reine Praxis. In Rollenspielen lernen die Studierenden die Relevanz von Normen wie der ISO 27001, Gesetzen wie der DSGVO und Standards wie dem PCI DSS f\u00fcr kleine und mittlere Unternehmen kennen und m\u00fcssen diese f\u00fcr realit\u00e4tsnahe Unternehmensbeispiele umsetzen.<\/p>\n<p>N\u00e4here Informationen zur Lehrveranstaltung k\u00f6nnen Sie aus der <a href=\"https:\/\/obs.fbi.h-da.de\/mhb\/modul.php?nr=41.5020&amp;sem=20172\">Modulbeschreibung<\/a> entnehmen.<\/p>\n","protected":false},"excerpt":{"rendered":"<p>Lehrinhalt Auch wenn es der Titel dieser Lehrveranstaltung nicht vermuten l\u00e4sst, dreht sich hier alles um die reine Praxis. In Rollenspielen lernen die Studierenden die Relevanz von Normen wie der ISO 27001, Gesetzen wie der DSGVO und Standards wie dem PCI DSS f\u00fcr kleine und mittlere Unternehmen kennen und m\u00fcssen diese f\u00fcr realit\u00e4tsnahe Unternehmensbeispiele umsetzen. &#8230; <span class=\"more\"><a class=\"more-link\" href=\"https:\/\/security.sauer.ninja\/de\/lehrveranstaltungen\/hochschule-darmstadt-hda\/it-sicherheitsmanagement-compliance\/\">[Read more&#8230;]<\/a><\/span><\/p>\n","protected":false},"author":1,"featured_media":0,"parent":2514,"menu_order":0,"comment_status":"closed","ping_status":"closed","template":"","meta":{"footnotes":""},"class_list":["entry","page","publish","author-psauer","post-2506"],"_links":{"self":[{"href":"https:\/\/security.sauer.ninja\/de\/wp-json\/wp\/v2\/pages\/2506","targetHints":{"allow":["GET"]}}],"collection":[{"href":"https:\/\/security.sauer.ninja\/de\/wp-json\/wp\/v2\/pages"}],"about":[{"href":"https:\/\/security.sauer.ninja\/de\/wp-json\/wp\/v2\/types\/page"}],"author":[{"embeddable":true,"href":"https:\/\/security.sauer.ninja\/de\/wp-json\/wp\/v2\/users\/1"}],"replies":[{"embeddable":true,"href":"https:\/\/security.sauer.ninja\/de\/wp-json\/wp\/v2\/comments?post=2506"}],"version-history":[{"count":9,"href":"https:\/\/security.sauer.ninja\/de\/wp-json\/wp\/v2\/pages\/2506\/revisions"}],"predecessor-version":[{"id":2613,"href":"https:\/\/security.sauer.ninja\/de\/wp-json\/wp\/v2\/pages\/2506\/revisions\/2613"}],"up":[{"embeddable":true,"href":"https:\/\/security.sauer.ninja\/de\/wp-json\/wp\/v2\/pages\/2514"}],"wp:attachment":[{"href":"https:\/\/security.sauer.ninja\/de\/wp-json\/wp\/v2\/media?parent=2506"}],"curies":[{"name":"wp","href":"https:\/\/api.w.org\/{rel}","templated":true}]}}