{"id":2521,"date":"2018-09-24T14:42:36","date_gmt":"2018-09-24T12:42:36","guid":{"rendered":"https:\/\/security.sauer.ninja\/?page_id=2521"},"modified":"2024-04-09T12:28:25","modified_gmt":"2024-04-09T10:28:25","slug":"dominik","status":"publish","type":"page","link":"https:\/\/security.sauer.ninja\/de\/sauer\/dominik\/","title":{"rendered":"Dominik Sauer"},"content":{"rendered":"<h2>\u00dcber mich<\/h2>\n<div style=\"float: right;\"><img loading=\"lazy\" decoding=\"async\" class=\"alignnone wp-image-3706\" src=\"https:\/\/security.sauer.ninja\/files\/dominiksauer-1.jpg\" alt=\"\" width=\"274\" height=\"343\" srcset=\"https:\/\/security.sauer.ninja\/files\/dominiksauer-1.jpg 480w, https:\/\/security.sauer.ninja\/files\/dominiksauer-1-240x300.jpg 240w\" sizes=\"auto, (max-width: 274px) 100vw, 274px\" \/><\/div>\n<p>Nach Sunzi, einem chinesischen Philosoph und Stratege, \u201e[..] musst [du] deinen Feind kennen, um ihn besiegen zu ko\u0308nnen\u201c. Im Kontext der Informatik ist hier die Rede von offensiver Sicherheit, welche mich von Studienbeginn an begleitet. Neben diversen IT-Sicherheitsf\u00e4chern wie der \u201eCryptography\u201c oder der \u201eDigitalen Forensik\u201c an der Hochschule Darmstadt (h_da) legte ich sowohl den <strong>OSCP<\/strong> als auch den <strong>OS<\/strong><strong>CE<\/strong> von \u201eOffensive Security\u201c ab und bin seit der Unternehmensgr\u00fcndung der binsec GmbH als deren <strong>Penetrationstester<\/strong> t\u00e4tig. Hierbei wurde es mir mit den Jahren immer offensichtlicher, dass der Schl\u00fcssel zu mehr Sicherheit prim\u00e4r im Menschen liegt, nicht in den IT-Systemen. In Anlehnung an das Zitat von Sunzi, versetze ich &#8211; seitdem ich mit meinem <strong>B.Sc. in Informatik<\/strong> und meiner gesammelten Berufserfahrung die formelle Eignung habe, Lehrveranstaltungen zu halten &#8211; jedes Semester meine Studenten als <strong>Hochschuldozent<\/strong> in die Rolle eines b\u00f6sartigen Angreifers.<\/p>\n<p>Meinen vollst\u00e4ndigen CV k\u00f6nnen Sie <a href=\"https:\/\/security.sauer.ninja\/files\/Dominik_Sauer_CV.pdf\">hier<\/a> als PDF-Version herunterladen.<\/p>\n","protected":false},"excerpt":{"rendered":"<p>\u00dcber mich Nach Sunzi, einem chinesischen Philosoph und Stratege, \u201e[..] musst [du] deinen Feind kennen, um ihn besiegen zu ko\u0308nnen\u201c. Im Kontext der Informatik ist hier die Rede von offensiver Sicherheit, welche mich von Studienbeginn an begleitet. Neben diversen IT-Sicherheitsf\u00e4chern wie der \u201eCryptography\u201c oder der \u201eDigitalen Forensik\u201c an der Hochschule Darmstadt (h_da) legte ich sowohl &#8230; <span class=\"more\"><a class=\"more-link\" href=\"https:\/\/security.sauer.ninja\/de\/sauer\/dominik\/\">[Read more&#8230;]<\/a><\/span><\/p>\n","protected":false},"author":1,"featured_media":0,"parent":2528,"menu_order":0,"comment_status":"closed","ping_status":"closed","template":"","meta":{"footnotes":""},"class_list":["entry","page","publish","author-psauer","post-2521"],"_links":{"self":[{"href":"https:\/\/security.sauer.ninja\/de\/wp-json\/wp\/v2\/pages\/2521","targetHints":{"allow":["GET"]}}],"collection":[{"href":"https:\/\/security.sauer.ninja\/de\/wp-json\/wp\/v2\/pages"}],"about":[{"href":"https:\/\/security.sauer.ninja\/de\/wp-json\/wp\/v2\/types\/page"}],"author":[{"embeddable":true,"href":"https:\/\/security.sauer.ninja\/de\/wp-json\/wp\/v2\/users\/1"}],"replies":[{"embeddable":true,"href":"https:\/\/security.sauer.ninja\/de\/wp-json\/wp\/v2\/comments?post=2521"}],"version-history":[{"count":26,"href":"https:\/\/security.sauer.ninja\/de\/wp-json\/wp\/v2\/pages\/2521\/revisions"}],"predecessor-version":[{"id":3720,"href":"https:\/\/security.sauer.ninja\/de\/wp-json\/wp\/v2\/pages\/2521\/revisions\/3720"}],"up":[{"embeddable":true,"href":"https:\/\/security.sauer.ninja\/de\/wp-json\/wp\/v2\/pages\/2528"}],"wp:attachment":[{"href":"https:\/\/security.sauer.ninja\/de\/wp-json\/wp\/v2\/media?parent=2521"}],"curies":[{"name":"wp","href":"https:\/\/api.w.org\/{rel}","templated":true}]}}