{"id":2528,"date":"2018-09-24T14:45:39","date_gmt":"2018-09-24T12:45:39","guid":{"rendered":"https:\/\/security.sauer.ninja\/?page_id=2528"},"modified":"2018-09-26T15:12:49","modified_gmt":"2018-09-26T13:12:49","slug":"sauer","status":"publish","type":"page","link":"https:\/\/security.sauer.ninja\/de\/sauer\/","title":{"rendered":"\u00dcber uns"},"content":{"rendered":"<p>&#8222;Gesch\u00e4ftsf\u00fchrer&#8220;, &#8222;Penetrationstester&#8220;, &#8222;Hochschuldozent&#8220;, &#8222;CISSP&#8220;, &#8222;OSCP&#8220; oder &#8222;OSCE&#8220; sind alles nur Funktionen oder Titel, welche alleinstehend genauso aussagekr\u00e4ftig sind wie Abschlussnoten. Auch hier gilt: Der Weg ist das Ziel &#8211; nur, dass die Informatik eine schnelllebige Wissenschaft repr\u00e4sentiert und sich die Ziele stets neu definieren. Wir m\u00f6gen uns zwar fr\u00fch auf den Bereich der Informationssicherheit spezialisiert haben, aber genau wie Sie, werden wir von einem lebenslangen Lernen begleitet. Dabei m\u00f6chten wir (<a href=\"\/sauer\/dominik\/\">Dominik Sauer<\/a> und <a href=\"\/sauer\/patrick\/\">Patrick Sauer<\/a>) unsere gesammelte Erfahrung mit Ihnen teilen und uns mit Ihnen austauschen.<\/p>\n","protected":false},"excerpt":{"rendered":"<p>&#8222;Gesch\u00e4ftsf\u00fchrer&#8220;, &#8222;Penetrationstester&#8220;, &#8222;Hochschuldozent&#8220;, &#8222;CISSP&#8220;, &#8222;OSCP&#8220; oder &#8222;OSCE&#8220; sind alles nur Funktionen oder Titel, welche alleinstehend genauso aussagekr\u00e4ftig sind wie Abschlussnoten. Auch hier gilt: Der Weg ist das Ziel &#8211; nur, dass die Informatik eine schnelllebige Wissenschaft repr\u00e4sentiert und sich die Ziele stets neu definieren. Wir m\u00f6gen uns zwar fr\u00fch auf den Bereich der Informationssicherheit spezialisiert &#8230; <span class=\"more\"><a class=\"more-link\" href=\"https:\/\/security.sauer.ninja\/de\/sauer\/\">[Read more&#8230;]<\/a><\/span><\/p>\n","protected":false},"author":1,"featured_media":0,"parent":0,"menu_order":0,"comment_status":"closed","ping_status":"closed","template":"","meta":{"footnotes":""},"class_list":["entry","page","publish","author-psauer","post-2528"],"_links":{"self":[{"href":"https:\/\/security.sauer.ninja\/de\/wp-json\/wp\/v2\/pages\/2528","targetHints":{"allow":["GET"]}}],"collection":[{"href":"https:\/\/security.sauer.ninja\/de\/wp-json\/wp\/v2\/pages"}],"about":[{"href":"https:\/\/security.sauer.ninja\/de\/wp-json\/wp\/v2\/types\/page"}],"author":[{"embeddable":true,"href":"https:\/\/security.sauer.ninja\/de\/wp-json\/wp\/v2\/users\/1"}],"replies":[{"embeddable":true,"href":"https:\/\/security.sauer.ninja\/de\/wp-json\/wp\/v2\/comments?post=2528"}],"version-history":[{"count":9,"href":"https:\/\/security.sauer.ninja\/de\/wp-json\/wp\/v2\/pages\/2528\/revisions"}],"predecessor-version":[{"id":2624,"href":"https:\/\/security.sauer.ninja\/de\/wp-json\/wp\/v2\/pages\/2528\/revisions\/2624"}],"wp:attachment":[{"href":"https:\/\/security.sauer.ninja\/de\/wp-json\/wp\/v2\/media?parent=2528"}],"curies":[{"name":"wp","href":"https:\/\/api.w.org\/{rel}","templated":true}]}}