{"id":2761,"date":"2019-03-12T12:40:02","date_gmt":"2019-03-12T10:40:02","guid":{"rendered":"https:\/\/security.sauer.ninja\/?page_id=2761"},"modified":"2019-03-12T14:18:07","modified_gmt":"2019-03-12T12:18:07","slug":"wk_2620-secure-coding","status":"publish","type":"page","link":"https:\/\/security.sauer.ninja\/de\/lehrveranstaltungen\/technische-hochschule-mittelhessen-thm\/wk_2620-secure-coding\/","title":{"rendered":"WK_2620 Secure Coding"},"content":{"rendered":"\n<p>Das WPF Secure Coding im Master Wirtschaftsinformatik der THM wird in Kooperation mit der binsec GmbH bzw. binsec academy GmbH und deren Mitgesellschafter Patrick Sauer und Dominik Sauer angeboten. Als Lehrbeauftragter wird Patrick Sauer &#8211; M.Sc. in Security Management, Diplom-Wirtschaftsinformtiker(FH) &#8211; zur Verf\u00fcgung stehen.<\/p>\n\n\n\n<p>Diese Veranstaltung wird komplett remote durchgef\u00fchrt, es gibt keine Pr\u00e4senzveranstaltungen au\u00dfer einer eventuellen Kick-Off-Veranstaltung. Diese Veranstaltung wird das erste Mal an der THM im SS 2019 angeboten. Die Termine f\u00fcr die eventuelle Kick-Off-Veranstaltung sowie Start- und Endzeitpunkt der Blockveranstaltung stehen noch nicht fest. Der Inhalt des WPF Secure Coding entspricht dem <a href=\"https:\/\/binsec-academy.com\/de\/courses\/p\/secure-coding-training-web\/\">Secure Coding Training der binsec academy GmbH<\/a>, mit folgenden Unterschieden:<\/p>\n\n\n\n<ul class=\"wp-block-list\"><li>k\u00fcrzere Dauer<\/li><li>kein Zertifikat<\/li><li>es entstehen den studentischen Teilnehmern keine Kosten<\/li><\/ul>\n\n\n\n<p>Es gibt keine Pr\u00fcfungsvorleistung und keine Klausur. Die Note ergibt sich aus der Anzahl der behobenen Schwachstellen.<\/p>\n","protected":false},"excerpt":{"rendered":"<p>Das WPF Secure Coding im Master Wirtschaftsinformatik der THM wird in Kooperation mit der binsec GmbH bzw. binsec academy GmbH und deren Mitgesellschafter Patrick Sauer und Dominik Sauer angeboten. Als Lehrbeauftragter wird Patrick Sauer &#8211; M.Sc. in Security Management, Diplom-Wirtschaftsinformtiker(FH) &#8211; zur Verf\u00fcgung stehen. Diese Veranstaltung wird komplett remote durchgef\u00fchrt, es gibt keine Pr\u00e4senzveranstaltungen au\u00dfer &#8230; <span class=\"more\"><a class=\"more-link\" href=\"https:\/\/security.sauer.ninja\/de\/lehrveranstaltungen\/technische-hochschule-mittelhessen-thm\/wk_2620-secure-coding\/\">[Read more&#8230;]<\/a><\/span><\/p>\n","protected":false},"author":1,"featured_media":0,"parent":2757,"menu_order":0,"comment_status":"closed","ping_status":"closed","template":"","meta":{"footnotes":""},"class_list":["entry","page","publish","author-psauer","post-2761"],"_links":{"self":[{"href":"https:\/\/security.sauer.ninja\/de\/wp-json\/wp\/v2\/pages\/2761","targetHints":{"allow":["GET"]}}],"collection":[{"href":"https:\/\/security.sauer.ninja\/de\/wp-json\/wp\/v2\/pages"}],"about":[{"href":"https:\/\/security.sauer.ninja\/de\/wp-json\/wp\/v2\/types\/page"}],"author":[{"embeddable":true,"href":"https:\/\/security.sauer.ninja\/de\/wp-json\/wp\/v2\/users\/1"}],"replies":[{"embeddable":true,"href":"https:\/\/security.sauer.ninja\/de\/wp-json\/wp\/v2\/comments?post=2761"}],"version-history":[{"count":21,"href":"https:\/\/security.sauer.ninja\/de\/wp-json\/wp\/v2\/pages\/2761\/revisions"}],"predecessor-version":[{"id":2807,"href":"https:\/\/security.sauer.ninja\/de\/wp-json\/wp\/v2\/pages\/2761\/revisions\/2807"}],"up":[{"embeddable":true,"href":"https:\/\/security.sauer.ninja\/de\/wp-json\/wp\/v2\/pages\/2757"}],"wp:attachment":[{"href":"https:\/\/security.sauer.ninja\/de\/wp-json\/wp\/v2\/media?parent=2761"}],"curies":[{"name":"wp","href":"https:\/\/api.w.org\/{rel}","templated":true}]}}