{"id":2764,"date":"2019-03-12T12:41:19","date_gmt":"2019-03-12T10:41:19","guid":{"rendered":"https:\/\/security.sauer.ninja\/?page_id=2764"},"modified":"2019-03-13T16:03:15","modified_gmt":"2019-03-13T14:03:15","slug":"wk_2621-penetration-testing","status":"publish","type":"page","link":"https:\/\/security.sauer.ninja\/de\/lehrveranstaltungen\/technische-hochschule-mittelhessen-thm\/wk_2621-penetration-testing\/","title":{"rendered":"WK_2621 Penetration Testing"},"content":{"rendered":"\n<p>Das WPF Penetration Testing im Master Wirtschaftsinformatik der THM wird in Kooperation mit der binsec GmbH bzw. binsec academy GmbH und deren Mitgesellschafter Patrick Sauer und Dominik Sauer angeboten. Als Lehrbeauftragter wird Patrick Sauer &#8211; M.Sc. in Security Management, Diplom-Wirtschaftsinformtiker(FH) &#8211; zur Verf\u00fcgung stehen.<\/p>\n\n\n\n<p>Diese Veranstaltung wird komplett remote durchgef\u00fchrt, es gibt bis auf die abschlie\u00dfenden Klausur keine Pr\u00e4senzveranstaltungen au\u00dfer einer eventuellen Kick-Off-Veranstaltung. Diese Veranstaltung wird das erste Mal an der THM im SS 2019 angeboten. Die Termine f\u00fcr die eventuelle Kick-Off-Veranstaltung sowie Start- und Endzeitpunkt der Blockveranstaltung stehen noch nicht fest. Der Inhalt des WPF Penetration Testing entspricht dem <a href=\"https:\/\/binsec-academy.com\/de\/courses\/p\/pentest-training\/\">Pentest Training der binsec academy GmbH<\/a>, mit folgenden Unterschieden:<\/p>\n\n\n\n<ul class=\"wp-block-list\"><li>k\u00fcrzere Dauer<\/li><li>kleineres Labor, welches mit weiteren Studierenden geteilt wird<\/li><li>es entstehen den studentischen Teilnehmern keine Kosten<\/li><\/ul>\n\n\n\n<p>Als Pr\u00fcfungsvorleistung wird ein Bericht erstellt und final eine Klausur geschrieben. <\/p>\n","protected":false},"excerpt":{"rendered":"<p>Das WPF Penetration Testing im Master Wirtschaftsinformatik der THM wird in Kooperation mit der binsec GmbH bzw. binsec academy GmbH und deren Mitgesellschafter Patrick Sauer und Dominik Sauer angeboten. Als Lehrbeauftragter wird Patrick Sauer &#8211; M.Sc. in Security Management, Diplom-Wirtschaftsinformtiker(FH) &#8211; zur Verf\u00fcgung stehen. Diese Veranstaltung wird komplett remote durchgef\u00fchrt, es gibt bis auf die &#8230; <span class=\"more\"><a class=\"more-link\" href=\"https:\/\/security.sauer.ninja\/de\/lehrveranstaltungen\/technische-hochschule-mittelhessen-thm\/wk_2621-penetration-testing\/\">[Read more&#8230;]<\/a><\/span><\/p>\n","protected":false},"author":1,"featured_media":0,"parent":2757,"menu_order":0,"comment_status":"closed","ping_status":"closed","template":"","meta":{"footnotes":""},"class_list":["entry","page","publish","author-psauer","post-2764"],"_links":{"self":[{"href":"https:\/\/security.sauer.ninja\/de\/wp-json\/wp\/v2\/pages\/2764","targetHints":{"allow":["GET"]}}],"collection":[{"href":"https:\/\/security.sauer.ninja\/de\/wp-json\/wp\/v2\/pages"}],"about":[{"href":"https:\/\/security.sauer.ninja\/de\/wp-json\/wp\/v2\/types\/page"}],"author":[{"embeddable":true,"href":"https:\/\/security.sauer.ninja\/de\/wp-json\/wp\/v2\/users\/1"}],"replies":[{"embeddable":true,"href":"https:\/\/security.sauer.ninja\/de\/wp-json\/wp\/v2\/comments?post=2764"}],"version-history":[{"count":21,"href":"https:\/\/security.sauer.ninja\/de\/wp-json\/wp\/v2\/pages\/2764\/revisions"}],"predecessor-version":[{"id":2812,"href":"https:\/\/security.sauer.ninja\/de\/wp-json\/wp\/v2\/pages\/2764\/revisions\/2812"}],"up":[{"embeddable":true,"href":"https:\/\/security.sauer.ninja\/de\/wp-json\/wp\/v2\/pages\/2757"}],"wp:attachment":[{"href":"https:\/\/security.sauer.ninja\/de\/wp-json\/wp\/v2\/media?parent=2764"}],"curies":[{"name":"wp","href":"https:\/\/api.w.org\/{rel}","templated":true}]}}