{"id":43,"date":"2013-02-05T22:46:47","date_gmt":"2013-02-05T20:46:47","guid":{"rendered":"http:\/\/www.it-is-all-about-risk.de\/?page_id=43"},"modified":"2019-02-08T11:24:41","modified_gmt":"2019-02-08T09:24:41","slug":"impressum","status":"publish","type":"page","link":"https:\/\/security.sauer.ninja\/de\/impressum\/","title":{"rendered":"Impressum &#038; Datenschutz"},"content":{"rendered":"<h2>Impressum<\/h2>\n<p>Patrick Sauer<br \/>\nTheodor-Heuss-Stra\u00dfe 39<br \/>\n61169 Friedberg (Hessen)<br \/>\nGermany<\/p>\n<p>E-Mail: ps@sauer-security.de<\/p>\n<p>Hinweis:\u00a0Die ist ein privater Blog. Alle \u00c4u\u00dferungen sind private Meinungen von mir. Sie spiegeln weder\u00a0die offizielle Ansicht der <a href=\"https:\/\/www.binsec.com?ctoken=fb2a4866\">binsec GmbH<\/a> noch die der Gesch\u00e4ftsf\u00fchrung wider. F\u00fcr kommerzielle Anfragen nutzen Sie bitte das Kontaktformular der <a href=\"https:\/\/www.binsec.com?ctoken=fb2a4866\">binsec GmbH<\/a>.<\/p>\n<h2>Datenschutzerkl\u00e4rung<\/h2>\n<h3>Allgemeines<\/h3>\n<p>Zweck der Verarbeitung Ihrer personenbezogenen Daten ist das Betreiben dieses Blogs zur IT-Sicherheit.<br \/>\nDer Server, auf dem diese Internetseite gehosted wird, be\ufb01ndet sich in Frankfurt am Main (Deutschland) und wird von Patrick Sauer betrieben.<\/p>\n<h3>Kommentarfunktion<\/h3>\n<p>Mit der Speicherung eines Kommentars wird dieser ver\u00f6ffentlicht. Ich rate Ihnen an, ein Pseudonym und nicht ihren echten Namen anzugeben!<\/p>\n<h3>Server-Log-Files<\/h3>\n<p>Bei jedem Zugriff auf meine Website werden Nutzungsdaten durch den jeweiligen Internetbrowser \u00fcbermittelt und in Protokolldateien, den sogenannten Server-Log\ufb01les, wie z.B. Datum und Uhrzeit des Abrufs, Name der aufgerufenen Seite, \u00fcbertragene Datenmenge und den anfragenden Provider, gespeichert. Diese Daten k\u00f6nnen nicht einer bestimmten Person zugeordnet werden und dienen ausschlie\u00dflich der Sicherstellung eines st\u00f6rungsfreien Betriebs meiner Website und der Verbesserung meines Angebots.<\/p>\n<h3>Cookies<\/h3>\n<p>Um den Besuch meiner Website attraktiv zu gestalten und die Nutzung bestimmter Funktionen zu erm\u00f6glichen, verwenden wir auf verschiedenen Seiten sogenannte Cookies. Hierbei handelt es sich um kleine Textdateien, die auf Ihrem Endger\u00e4t abgelegt werden. Einige der von mir verwendeten Cookies werden nach dem Ende der Browser-Sitzung, also nach Schlie\u00dfen Ihres Browsers, wieder gel\u00f6scht (sog. Sitzungs-Cookies). Andere Cookies verbleiben auf Ihrem Endger\u00e4t und erm\u00f6glichen mir, Ihren Browser beim n\u00e4chsten Besuch wiederzuerkennen (persistente Cookies). Sie k\u00f6nnen Ihren Browser so einstellen, dass Sie \u00fcber das Setzen von Cookies informiert werden und einzeln \u00fcber deren Annahme entscheiden oder die Annahme von Cookies f\u00fcr bestimmte F\u00e4lle oder generell ausschlie\u00dfen. Bei der Nichtannahme von Cookies kann die Funktionalit\u00e4t meiner Website eingeschr\u00e4nkt sein.<\/p>\n<h3>E-Mail<\/h3>\n<p>Wenn Sie mir eine E-Mail senden, werden diese Daten von mir gespeichert. Wir tragen Sorge daf\u00fcr, dass die Daten nach dem Stand der Technik vor der unberechtigten Kenntnisnahme Dritter gesichert sind. Beachten Sie jedoch bitte, dass unverschl\u00fcsselte E-Mails, die \u00fcber das Internet versendet werden, nicht hinreichend vor der unbefugten Kenntnisnahme durch Dritte gesch\u00fctzt sind.<\/p>\n<h3>Google Analytics<\/h3>\n<p>Diese Website benutzt Google Analytics, einen Webanalysedienst der Google Inc. (&#8222;Google&#8220;). Google Analytics verwendet sog. &#8222;Cookies&#8220;, Textdateien, die auf Ihrem Computer gespeichert werden und die eine Analyse der Benutzung der Website durch Sie erm\u00f6glichen. Die durch den Cookie erzeugten Informationen \u00fcber Ihre Benutzung dieser Website werden in der Regel an einen Server von Google in den USA \u00fcbertragen und dort gespeichert. Mehr Informationen zum Umgang mit Nutzerdaten bei Google Analytics \ufb01nden Sie in der Datenschutzerkl\u00e4rung von Google: https:\/\/support.google.com\/analytics\/answer\/6004245?hl=de Es wird darauf hingewiesen, dass diese Website Google Analytics mit der Erweiterung &#8222;_anonymizeIp()&#8220; verwendet und daher IP-Adressen nur gek\u00fcrzt weiterverarbeitet werden, um eine direkte Personenbeziehbarkeit auszuschlie\u00dfen. Ihre IP-Adresse wird von Google daher innerhalb von Mitgliedstaaten der Europ\u00e4ischen Union oder in anderen Vertragsstaaten des Abkommens \u00fcber den Europ\u00e4ischen Wirtschaftsraum zuvor gek\u00fcrzt. Nur in Ausnahmef\u00e4llen wird die volle IP-Adresse an einen Server von Google in den USA \u00fcbertragen und dort gek\u00fcrzt. Im Auftrag des Betreibers dieser Website wird Google diese Informationen benutzen, um Ihre Nutzung der Website auszuwerten, um Reports \u00fcber die Websiteaktivit\u00e4ten zusammenzustellen und um weitere mit der Websitenutzung und der Internetnutzung verbundene Dienstleistungen gegen\u00fcber dem Websitebetreiber zu erbringen. Die im Rahmen von Google Analytics von Ihrem Browser \u00fcbermittelte IP-Adresse wird nicht mit anderen Daten von Google zusammengef\u00fchrt. Sie k\u00f6nnen die Speicherung der Cookies durch eine entsprechende Einstellung Ihrer Browser-Software verhindern; wir weisen Sie jedoch darauf hin, dass Sie in diesem Fall gegebenenfalls nicht s\u00e4mtliche Funktionen dieser Website vollumf\u00e4nglich werden nutzen k\u00f6nnen. Sie k\u00f6nnen dar\u00fcber hinaus die Erfassung der durch das Cookie erzeugten und auf Ihre Nutzung der Website bezogenen Daten (inkl. Ihrer IP-Adresse) an Google sowie die Verarbeitung dieser Daten durch Google verhindern, indem Sie das unter dem folgenden Link verf\u00fcgbare Browser-Plugin herunterladen und installieren: http:\/\/tools.google.com\/dlpage\/gaoptout?hl=de Wenn Sie in Ihrem Browser das &#8222;Do not track feature&#8220; aktiviert haben, wird Google Analytics jedenfalls nicht geladen.<\/p>\n<h3>Ihre Rechte und Kontaktaufnahme<\/h3>\n<p>Sie haben jederzeit das Recht auf unentgeltliche Auskunft \u00fcber Ihre gespeicherten personenbezogenen Daten, deren Herkunft und Empf\u00e4nger und den Zweck der Datenverarbeitung sowie ein Recht auf Berichtigung, Sperrung oder L\u00f6schung dieser Daten. Hierzu sowie zu weiteren Fragen zum Thema personenbezogene Daten k\u00f6nnen Sie sich jederzeit an uns wenden.<\/p>\n<h3>Verantwortlich f\u00fcr den Datenschutz<\/h3>\n<p>Verantwortlich f\u00fcr den Datenschutz ist Patrick Sauer. Kontaktdaten siehe Impressum oben.<\/p>\n","protected":false},"excerpt":{"rendered":"<p>Impressum Patrick Sauer Theodor-Heuss-Stra\u00dfe 39 61169 Friedberg (Hessen) Germany E-Mail: ps@sauer-security.de Hinweis:\u00a0Die ist ein privater Blog. Alle \u00c4u\u00dferungen sind private Meinungen von mir. Sie spiegeln weder\u00a0die offizielle Ansicht der binsec GmbH noch die der Gesch\u00e4ftsf\u00fchrung wider. F\u00fcr kommerzielle Anfragen nutzen Sie bitte das Kontaktformular der binsec GmbH. Datenschutzerkl\u00e4rung Allgemeines Zweck der Verarbeitung Ihrer personenbezogenen Daten &#8230; <span class=\"more\"><a class=\"more-link\" href=\"https:\/\/security.sauer.ninja\/de\/impressum\/\">[Read more&#8230;]<\/a><\/span><\/p>\n","protected":false},"author":1,"featured_media":0,"parent":0,"menu_order":1,"comment_status":"open","ping_status":"open","template":"","meta":{"footnotes":""},"class_list":["entry","page","publish","author-psauer","post-43"],"_links":{"self":[{"href":"https:\/\/security.sauer.ninja\/de\/wp-json\/wp\/v2\/pages\/43","targetHints":{"allow":["GET"]}}],"collection":[{"href":"https:\/\/security.sauer.ninja\/de\/wp-json\/wp\/v2\/pages"}],"about":[{"href":"https:\/\/security.sauer.ninja\/de\/wp-json\/wp\/v2\/types\/page"}],"author":[{"embeddable":true,"href":"https:\/\/security.sauer.ninja\/de\/wp-json\/wp\/v2\/users\/1"}],"replies":[{"embeddable":true,"href":"https:\/\/security.sauer.ninja\/de\/wp-json\/wp\/v2\/comments?post=43"}],"version-history":[{"count":20,"href":"https:\/\/security.sauer.ninja\/de\/wp-json\/wp\/v2\/pages\/43\/revisions"}],"predecessor-version":[{"id":2728,"href":"https:\/\/security.sauer.ninja\/de\/wp-json\/wp\/v2\/pages\/43\/revisions\/2728"}],"wp:attachment":[{"href":"https:\/\/security.sauer.ninja\/de\/wp-json\/wp\/v2\/media?parent=43"}],"curies":[{"name":"wp","href":"https:\/\/api.w.org\/{rel}","templated":true}]}}